{"id":46,"date":"2024-08-02T13:16:40","date_gmt":"2024-08-02T13:16:40","guid":{"rendered":"https:\/\/babo.pidevboard.fr\/?page_id=46"},"modified":"2025-11-05T11:30:53","modified_gmt":"2025-11-05T11:30:53","slug":"notre-carte","status":"publish","type":"page","link":"https:\/\/babo.pidevboard.fr\/?page_id=46","title":{"rendered":"Notre carte"},"content":{"rendered":"\n\t<div id=\"text-4161058541\" class=\"text\">\n\t\t\n\n<h3><span style=\"font-size: 120%;\"><strong>\u00c0 partager ! (ou pas&#8230;)<\/strong><\/span><\/h3>\n<p>\u00a0<\/p>\n<ul>\n<li><strong>Camembert r\u00f4ti au brasero<\/strong> &#8230;&#8230;&#8230;&#8230;&#8230;&#8230;&#8230;&#8230;. <strong><em>23 <\/em><em>\u20ac<\/em><\/strong><br \/><span style=\"color: #ffffff;\">Servi coulant, jambon au torchon et ses toasts beurre ma\u00eetre d&rsquo;h\u00f4tel<\/span><\/li>\n<li><strong>Croque truffe<\/strong> &#8230;&#8230;&#8230;&#8230;&#8230;&#8230;&#8230;&#8230;. <strong><em>12,5 <\/em><em>\u20ac<\/em><\/strong><br \/><span style=\"color: #ffffff;\">Jambon, b\u00e9chamel cr\u00e9meuse et p\u00e2te de truffe<\/span><\/li>\n<li><strong>Foie gras mi-cuit<\/strong> &#8230;&#8230;&#8230;&#8230;&#8230;&#8230;&#8230;&#8230;. <strong><em>19,90 <\/em><em>\u20ac<\/em><\/strong><br \/><span style=\"color: #ffffff;\">Servi avec ses condiments<\/span><\/li>\n<li><del><b>Saumon Gravlax<\/b>&#8230;&#8230;&#8230;&#8230;&#8230;&#8230;&#8230;&#8230;. <strong><em>13,90 <\/em><em>\u20ac<\/em><\/strong><\/del><br \/><span style=\"color: #ffffff;\">Relev\u00e9 d&rsquo;une pointe de gingembre frais et d&rsquo;un condiment acidul\u00e9<\/span><\/li>\n<li><b>Chakchouka<\/b>&#8230;&#8230;&#8230;&#8230;&#8230;&#8230;&#8230;&#8230;. <strong><em>13 <\/em><em>\u20ac \u2764\ufe0f<\/em><\/strong><br \/><span style=\"color: #ffffff;\">Poivrons tomates, oignons et oeuf coulant mijot\u00e9 au brasero<\/span><\/li>\n<li><b>Velout\u00e9 de butternut de Manon <\/b>&#8230;&#8230;&#8230;&#8230;&#8230;&#8230;&#8230;&#8230;. <strong><em>9 <\/em><em>\u20ac<\/em><\/strong><br \/><span style=\"color: #ffffff;\">Accompagn\u00e9 de ses guimauves de ch\u00e2taignes et sarrasin souffl\u00e9<\/span><\/li>\n<li><b>Magret de Canard s\u00e9ch\u00e9 maison<\/b>&#8230;&#8230;&#8230;&#8230;&#8230;&#8230;&#8230;&#8230;. <em><strong>12,50\u20ac<\/strong><\/em><br \/><span style=\"color: #ffffff;\">Cuit au torchon et d\u00e9licatement sal\u00e9<\/span><b><\/b><\/li>\n<\/ul>\n\t\t\n<style>\n#text-4161058541 {\n  font-size: 0.8rem;\n}\n@media (min-width:550px) {\n  #text-4161058541 {\n    font-size: 0.9rem;\n  }\n}\n<\/style>\n\t<\/div>\n\t\n\t<div id=\"text-619520739\" class=\"text\">\n\t\t\n\n<h3><span style=\"font-size: 120%;\"><strong>Nos plats\u00a0 \u00a0<\/strong><\/span><\/h3>\n<ul>\n<li><strong>Burger BABO!<\/strong> &#8230;&#8230;&#8230;&#8230;&#8230;&#8230;&#8230;&#8230;&#8230;&#8230;. <em><strong>19,90<\/strong>\u00a0<strong>\u20ac<\/strong><br \/><\/em><span style=\"color: #ffffff;\">Pain multi-graine, effiloch\u00e9 de porc caram\u00e9lis\u00e9, cheddar, ketchup maison<\/span><\/li>\n<li><strong>Faux-filet persill\u00e9 \ud83c\uddeb\ud83c\uddf7<\/strong>\u00a0&#8230;&#8230;&#8230;..<em>\u00a0<strong>25,90 <\/strong><\/em><strong><em>\u20ac \u00a0\u2764\ufe0f<\/em><\/strong><br \/><span style=\"color: #ffffff;\">environ 250g &#8211; Pi\u00e8ce tendre et persill\u00e9e de la maison Lesage prestige<\/span><\/li>\n<li><strong><strong>Filet de poulet jaune \u00a0\ud83c\uddeb\ud83c\uddf7 <\/strong><\/strong>&#8230;&#8230;&#8230;&#8230;&#8230;&#8230;&#8230;&#8230;&#8230;&#8230;&#8230;&#8230;.. <strong><em>19,90 <\/em><em>\u20ac<\/em><\/strong><br \/><span style=\"color: #ffffff;\">Cuisson basse temp\u00e9rature. Sauce cajun, citronnelle et citron vert<\/span><em style=\"font-weight: bold;\">\u00a0 \u00a0<br \/><\/em><\/li>\n<li><strong>Chuck flap \ud83c\uddfa\ud83c\uddf8 premium <\/strong>&#8230;&#8230;&#8230;. <em>\u00a0<strong>37,90 <\/strong><\/em><strong><em>\u20ac\u00a0\u00a0<\/em><\/strong><br \/><span style=\"color: #ffffff;\">environ 220g &#8211; Morceau de basse c\u00f4te, ultra tendre, persill\u00e9<\/span><\/li>\n<li><strong>Tartare<\/strong><strong> de boeuf au couteau<\/strong><strong> \ud83c\uddeb\ud83c\uddf7<\/strong>\u00a0&#8230;&#8230;.. <strong><em>20,90 <\/em><em>\u20ac<\/em><\/strong><br \/><span style=\"color: #ffffff;\">Pr\u00e9par\u00e9 minute avec cornichons, c\u00e2pres, oignons, persil, ketchup maison, Worcestershire<\/span><\/li>\n<li><strong>Poitrine de porc laqu\u00e9e sirop d&rsquo;\u00e9rable <\/strong>&#8230;.<em>&#8230; <strong>18,90 <\/strong><\/em><strong><em>\u20ac\u00a0<\/em><\/strong><br \/><span style=\"color: #ffffff;\">Servi avec sa polenta cr\u00e9meuse et pop corn<\/span><\/li>\n<li><strong>Paleron de boeuf Black-pearl confit \ud83c\uddeb\ud83c\uddf7<\/strong> &#8230;&#8230;..<em> <strong>22 <\/strong><\/em><strong><em>\u20ac\u00a0<\/em><\/strong><br \/><span style=\"color: #ffffff;\"> Servi avec ses pommes grenailles, carottes et haricots plats<\/span><\/li>\n<li><strong>P\u00ea<\/strong><strong>che du jour<\/strong> &#8230;&#8230;&#8230;&#8230;&#8230;&#8230;&#8230;&#8230;&#8230;&#8230;.. <strong><em>26,90<\/em><em>\u20ac<\/em><\/strong><br \/><span style=\"color: #ffffff;\">Nous consulter<\/span><\/li>\n<li><strong><strong>Gambas<\/strong><\/strong>&#8230;&#8230;&#8230;&#8230;&#8230;&#8230;&#8230;&#8230;&#8230;&#8230;&#8230;&#8230;&#8230;..<strong><em>25,50 <\/em><em>\u20ac<\/em><\/strong><br \/><span style=\"color: #ffffff;\">Flamb\u00e9es minute au Casanis (P<\/span><span style=\"color: #ffffff;\">astis Corse)<\/span><strong><em>\u00a0 \u00a0 \u00a0 \u00a0 \u00a0 \u00a0 \u00a0 \u00a0 \u00a0 \u00a0 \u00a0 \u00a0 \u00a0 \u00a0 \u00a0 \u00a0 \u00a0 \u00a0 \u00a0 \u00a0 \u00a0 \u00a0 \u00a0 \u00a0 \u00a0<br \/><br \/><\/em><\/strong><\/li>\n<li><strong>Pour les petits<\/strong> \ud83e\uddd2 <span style=\"color: #ffffff;\">Nuggets poulet maison, \u00a0frites fraiches \u00a0+ sirop \u00e0 l&rsquo;eau + 1 boule de glace<\/span><strong><span style=\"font-size: 115%;\"> &#8211; 11 \u20ac<\/span><\/strong><\/li>\n<li><strong>Entrec\u00f4te Fran\u00e7aise &#8230;&#8230;&#8230;&#8230;&#8230;&#8230;&#8230;&#8230;&#8230;&#8230;&#8230;22,90\u20ac<\/strong><\/li>\n<li><span style=\"color: #ffffff;\">Environ 200g- Beurre maitre d&rsquo;h\u00f4tel<\/span><\/li>\n<\/ul>\n<h3><span style=\"font-size: 130%;\"><strong>Nos\u00a0<\/strong><b>incontournables \u00e0 partager\u00a0<\/b><\/span><\/h3>\n<ul>\n<li><strong>C\u00f4<\/strong><strong>te de boeuf \ud83c\uddee\ud83c\uddea<\/strong>\u00a0&#8230;&#8230;&#8230; <strong><em>100 <\/em><em>\u20ac \u00a0 \u00a0 \u2764\ufe0f<\/em><\/strong><br \/><span style=\"color: #ffffff;\">Maison Lesage prestige, \u2248 1,2kg<\/span><\/li>\n<li><strong>Picanha \ud83c\udde9\ud83c\uddf0 <\/strong>&#8230;&#8230;&#8230;&#8230;&#8230;&#8230;&#8230;&#8230;<strong>180<em>\u20ac<\/em><\/strong><br \/><span style=\"color: #ffffff;\">Tres tendre 1,8kg sans os, Maison Lesage prestige<\/span><\/li>\n<li><strong>Ribs de porc <\/strong>&#8230;&#8230;&#8230;&#8230;&#8230;&#8230;&#8230;&#8230;<strong>68<em>\u20ac<\/em><\/strong><br \/><span style=\"color: #ffffff;\">Laqu\u00e9 barbecue maison<\/span><\/li>\n<\/ul>\n<p><strong><em><span style=\"color: #ffffff;\">nos incontournables \u00e0 partager sont servis avec tous les accompagnements et sauces.<\/span><\/em><\/strong><\/p>\n\t\t\n<style>\n#text-619520739 {\n  font-size: 0.9rem;\n}\n@media (min-width:550px) {\n  #text-619520739 {\n    font-size: 0.9rem;\n  }\n}\n<\/style>\n\t<\/div>\n\t\n<div class=\"container section-title-container\" ><h2 class=\"section-title section-title-normal\"><b><\/b><span class=\"section-title-main\" >NOTRE CARTE<\/span><b><\/b><\/h2><\/div>\n\n\n\t<section class=\"section\" id=\"section_1408385582\">\n\t\t<div class=\"section-bg fill\" >\n\t\t\t\t\t\t\t\t\t\n\t\t\t\n\n\t\t<\/div>\n\n\t\t\n\n\t\t<div class=\"section-content relative\">\n\t\t\t\n\n<div class=\"row\"  id=\"row-364161939\">\n\n\n\t<div id=\"col-2009984379\" class=\"col small-12 large-12\"  >\n\t\t\t\t<div class=\"col-inner\"  >\n\t\t\t\n\t\t\t\n\n\t<div id=\"text-2480090678\" class=\"text\">\n\t\t\n\n<h3 style=\"font-weight: 400;\"><span style=\"font-size: 120%;\"><strong>Accompagnements et sauces :<\/strong><\/span><\/h3>\n<ul>\n<li><strong>Accompagnements :<\/strong>\n<ul>\n<li>Frites\u00a0<\/li>\n<li>Mac &amp; Cheese<\/li>\n<li>Frites de patates douces (+1\u20ac)<\/li>\n<li>Potimarron r\u00f4ti<\/li>\n<\/ul>\n<\/li>\n<li><strong>Sauces :<\/strong>\n<ul>\n<li>Sauce Babo (Mayonnaise, fromage blanc, ail, ciboulette)<\/li>\n<li>Sauce poivre<\/li>\n<li>Sauce au brie ( Cr\u00e8me fraiche et brie de Meaux)<\/li>\n<li>Sauce Cajun<\/li>\n<\/ul>\n<\/li>\n<\/ul>\n<p style=\"font-weight: 400;\"><strong>Suppl<\/strong><strong>\u00e9ments :<\/strong><\/p>\n<ul>\n<li><strong>Suppl<\/strong><strong>\u00e9ment accompagnement :<\/strong> 4 \u20ac<\/li>\n<li><strong>Suppl<\/strong><strong>\u00e9ment sauce :<\/strong> 2 \u20ac<\/li>\n<\/ul>\n\t\t\n<style>\n#text-2480090678 {\n  font-size: 0.8rem;\n}\n@media (min-width:550px) {\n  #text-2480090678 {\n    font-size: 0.9rem;\n  }\n}\n<\/style>\n\t<\/div>\n\t\n\n\t\t<\/div>\n\t\t\t\t\t<\/div>\n\n\t\n\n<\/div>\n\n\t\t<\/div>\n\n\t\t\n<style>\n#section_1408385582 {\n  padding-top: 10px;\n  padding-bottom: 10px;\n}\n<\/style>\n\t<\/section>\n\t\n\t<div id=\"text-1379605171\" class=\"text\">\n\t\t\n\n<h3><span style=\"font-size: 120%;\"><strong>Nos desserts<\/strong><\/span><strong><em>\u00a0<\/em><\/strong><\/h3>\n<ul>\n<li><strong>Cookie <\/strong><strong>\u00e0 <\/strong><strong>partager<\/strong> &#8230;&#8230;&#8230;&#8230;&#8230;&#8230;&#8230;&#8230;.<strong><em>\u00a015 <\/em><em>\u20ac<\/em><\/strong><br \/><span style=\"color: #ffffff;\">(Suppl\u00e9ment boule de glace vanille + 2\u20ac)<\/span><\/li>\n<li><b>Brioche perdue dulce de leche et toppings <\/b>&#8230;.. <em><strong>10<\/strong><\/em><em><strong>\u20ac <\/strong><\/em><em><span style=\"color: #ffffff;\">\u00a0<\/span><\/em><span style=\"color: #ffffff;\">(Suppl\u00e9ment boule de glace vanille + 2\u20ac)<\/span><br \/><br \/><\/li>\n<li><strong>Ananas r\u00f4tis , caramel beurre sal\u00e9 \u2026\u2026\u2026 8\u20ac\u00a0<\/strong><\/li>\n<li><b>Pavlova aux agrumes<\/b>&#8230;&#8230;&#8230;&#8230;&#8230;&#8230;&#8230;&#8230;.<strong><em> 9,50 <\/em><em>\u20ac<\/em><\/strong><br \/><span style=\"color: #ffffff;\">Meringue l\u00e9g\u00e8re, gel orange verveine et agrumes<\/span><\/li>\n<li><b>Moelleux au chocolat<\/b> &#8230;&#8230;&#8230;&#8230;&#8230;&#8230;&#8230;&#8230;.<strong><em> 12 <\/em><em>\u20ac<\/em><\/strong><br \/><span style=\"color: #ffffff;\">Coeur coulant noisette, sauce chocolat blanc (Suppl\u00e9ment boule de glace vanille + 2\u20ac)<\/span><\/li>\n<\/ul>\n<p><strong>Informations compl\u00e9mentaires :<\/strong><\/p>\n<ul>\n<li>Tous nos plats incluent le service et la TVA.<\/li>\n<li>Chaque plat est servi avec un accompagnement.<\/li>\n<li>Tout accompagnement ou sauce suppl\u00e9mentaire sera factur\u00e9 en supp<\/li>\n<li>\u00c9tant donn\u00e9 que nous travaillons avec des produits frais, il peut arriver que nous rencontrions des ruptures de stock.<\/li>\n<\/ul>\n<p><em>Toutes nos viandes proviennent de la maison Lesage Prestige, garanties d&rsquo;origine Fran\u00e7aise, Am\u00e9ricaine, Argentine et Irlandaise. Nos poissons sont issus de la p\u00eache de Nathan \u00e0 Amiens.<\/em><\/p>\n\t\t\n<style>\n#text-1379605171 {\n  font-size: 0.9rem;\n}\n@media (min-width:550px) {\n  #text-1379605171 {\n    font-size: 0.9rem;\n  }\n}\n<\/style>\n\t<\/div>\n\t\n\n","protected":false},"excerpt":{"rendered":"","protected":false},"author":1,"featured_media":0,"parent":0,"menu_order":0,"comment_status":"closed","ping_status":"closed","template":"","meta":{"footnotes":""},"class_list":["post-46","page","type-page","status-publish","hentry"],"_links":{"self":[{"href":"https:\/\/babo.pidevboard.fr\/index.php?rest_route=\/wp\/v2\/pages\/46","targetHints":{"allow":["GET"]}}],"collection":[{"href":"https:\/\/babo.pidevboard.fr\/index.php?rest_route=\/wp\/v2\/pages"}],"about":[{"href":"https:\/\/babo.pidevboard.fr\/index.php?rest_route=\/wp\/v2\/types\/page"}],"author":[{"embeddable":true,"href":"https:\/\/babo.pidevboard.fr\/index.php?rest_route=\/wp\/v2\/users\/1"}],"replies":[{"embeddable":true,"href":"https:\/\/babo.pidevboard.fr\/index.php?rest_route=%2Fwp%2Fv2%2Fcomments&post=46"}],"version-history":[{"count":817,"href":"https:\/\/babo.pidevboard.fr\/index.php?rest_route=\/wp\/v2\/pages\/46\/revisions"}],"predecessor-version":[{"id":1323,"href":"https:\/\/babo.pidevboard.fr\/index.php?rest_route=\/wp\/v2\/pages\/46\/revisions\/1323"}],"wp:attachment":[{"href":"https:\/\/babo.pidevboard.fr\/index.php?rest_route=%2Fwp%2Fv2%2Fmedia&parent=46"}],"curies":[{"name":"wp","href":"https:\/\/api.w.org\/{rel}","templated":true}]}}