{"id":42,"date":"2024-08-02T13:15:31","date_gmt":"2024-08-02T13:15:31","guid":{"rendered":"https:\/\/babo.pidevboard.fr\/?page_id=42"},"modified":"2025-10-02T08:27:39","modified_gmt":"2025-10-02T08:27:39","slug":"boissons","status":"publish","type":"page","link":"https:\/\/babo.pidevboard.fr\/?page_id=42","title":{"rendered":"Boissons"},"content":{"rendered":"\n<h3><strong>Nos cocktails<\/strong><\/h3>\n<ul>\n<li><strong>Ap\u00e9rol Spritz &#8211; 8,5\u20ac<\/strong><br \/><span style=\"color: #ffffff;\"><em><span style=\"font-size: 75%;\">Ap\u00e9rol, Proseco, Eau p\u00e9tillante<\/span><\/em><\/span><\/li>\n<li><strong>St Germin Spritz 9,50\u20ac<\/strong><br \/><span style=\"color: #ffffff;\"><em><span style=\"font-size: 75%;\">Liqueur St Germain, Proseco, Eau p\u00e9tillante<\/span><\/em><\/span><\/li>\n<li><strong>Moscow Mule &#8211; 9 \u20ac<\/strong><br \/><span style=\"font-size: 75%; color: #ffffff;\"><em>Vodka, Jus de citron vert, sirop de sucre de canne, Ginger beer<\/em><\/span><\/li>\n<li><strong>London Mule &#8211; 9,<\/strong><strong>50\u20ac<\/strong><br \/><span style=\"color: #ffffff;\"><em><span style=\"font-size: 75%;\">Gin, Jus de citron vert, sirop de sucre de canne, Ginger beer\u00a0<\/span><\/em><\/span><\/li>\n<li><strong>Le Babo! &#8211; 9\u20ac<\/strong><br \/><span style=\"color: #ffffff;\"><i style=\"font-size: 75%;\">Liqueur de\u00a0<\/i><span style=\"font-size: 75%;\"><i>myrthe<\/i><\/span><i style=\"font-size: 75%;\">\u00a0corse, sirop de citron, citron press\u00e9, eau p\u00e9tillante, romarin<\/i><\/span><\/li>\n<li><strong>Mojito &#8211; 8,50\u20ac <\/strong>(Classique, Fraise, Framboise ou Passion)\u00a0<br \/><span style=\"font-size: 75%; color: #ffffff;\"><em>Rhum, cassonade, citron vert, menthe fra\u00eeche, \u00a0eau p\u00e9tillante<\/em><\/span><\/li>\n<li><strong>Ca\u00efpirinha &#8211; 8,50\u20ac <\/strong><br \/><span style=\"font-size: 75%; color: #ffffff;\"><em>Cacha\u00e7a, cassonade, citron vert<\/em><\/span><\/li>\n<li><strong>Pina Colada &#8211; 8,50\u20ac\u00a0<\/strong><br \/><span style=\"font-size: 75%; color: #ffffff;\"><em>Rhum, Lait de coco, Jus d&rsquo;Ananas et beaucoup d\u2019amour\u00a0<\/em><\/span><\/li>\n<li><strong>Ma\u00ef Ta\u00ef &#8211; 9,50\u20ac<\/strong><br \/><span style=\"font-size: 75%; color: #ffffff;\"><em>Rhum blanc, Rhum ambr\u00e9, Cointreau, sirop de sucre de canne, jus de citron vert, sirop d\u2019orgeat<\/em><\/span><\/li>\n<li><strong>Expresso Martini &#8211; 9\u20ac<\/strong><br \/><span style=\"font-size: 75%; color: #ffffff;\"><em>Vodka, liqueur de caf\u00e9, sirop de sucre de canne, expresso<\/em><\/span><\/li>\n<li><strong>Pornstar Martini &#8211; 10\u20ac \u00a0<br \/><\/strong><span style=\"color: #ffffff;\"><em style=\"font-size: 75%;\">Vodka, Pur\u00e9e de passion <\/em><span style=\"font-size: 14.4px;\">,<\/span><em style=\"font-size: 75%;\"> Sirop de vanille, Passoa, Jus de citron vert, shooter de Prosseco<\/em><\/span><\/li>\n<li><strong>Margarita &#8211; 8,50\u20ac \u00a0<br \/><\/strong><span style=\"color: #ffffff; font-size: 75%;\"><span style=\"caret-color: #ffffff;\"><i>Tequila, triple sec, citron vert<\/i><\/span><\/span><\/li>\n<li><strong>Kiwizz &#8211; 8,50\u20ac<\/strong><br \/><span style=\"font-size: 75%; color: #ffffff;\"><em>Gin, Sirop de Kiwi, Jus de citron vert, Limonade<\/em><\/span><\/li>\n<li><strong><span style=\"color: #e14d43;\">Rose Tattoo &#8211; 9\u20ac ( 2\u20ac revers\u00e9s au Cercle Theia)<\/span><\/strong><br \/><span style=\"font-size: 75%; color: #ffffff;\"><em>Rhum ambr\u00e9e, bitter, pur\u00e9e de framboise, citron vert, sirop de vanille, eau gazeuse<\/em><\/span><\/li>\n<li><strong>Gin Tonic &#8211; 8,50\u20ac<\/strong><br \/><span style=\"color: #ffffff;\"><em><span style=\"font-size: 75%;\">Gin, Schweppes Tonic<\/span><\/em><\/span><\/li>\n<li><strong>Gin Fizz &#8211; 8,50\u20ac<\/strong><br \/><span style=\"color: #ffffff;\"><em><span style=\"font-size: 75%;\">Gin, Citron jaune, s<\/span><\/em><\/span><span style=\"color: #ffffff;\"><em><span style=\"font-size: 75%;\">ucre de canne, eau gazeuse<\/span><\/em><\/span><\/li>\n<li><strong>Amareto Saouer &#8211; 9\u20ac<\/strong><\/li>\n<li><em><span style=\"color: #ffffff;\"><span style=\"font-size: 75%;\">Amareto, sucre de canne, <\/span><\/span><span style=\"color: #ffffff; font-size: xx-small;\"><span style=\"caret-color: #ffffff;\">pullco citron\u00a0<\/span><\/span><\/em><\/li>\n<\/ul>\n<h3>\u00a0<\/h3>\n<h3><strong>Nos mocktails<\/strong><\/h3>\n<ul>\n<li><strong>Virgin Mojito &#8211; 7,5 \u20ac <\/strong>(Classic, Fraise, Framboise ou Passion)\u00a0<br \/><span style=\"font-size: 75%; color: #ffffff;\"><em>Cassonade, citron vert, eau p\u00e9tillante, menthe fra\u00eeche\u00a0<\/em><\/span><\/li>\n<li><strong>Raspberry Lemonade &#8211; 7,5 \u20ac<\/strong><br \/><span style=\"font-size: 75%; color: #ffffff;\"><em>Pur\u00e9e de framboise, citron vert, sucre de cannes, limonade<\/em><\/span><\/li>\n<li style=\"text-align: left;\"><strong>Virgin Babo! &#8211; 7,5 \u20ac <\/strong>(Passion, Framboise, Fraise) <strong>\u00a0 \u00a0 \u00a0 \u00a0 \u00a0 \u00a0 \u00a0 \u00a0 \u00a0 \u00a0 \u00a0 \u00a0 \u00a0 \u00a0 \u00a0 \u00a0 \u00a0 \u00a0 \u00a0 \u00a0 \u00a0 \u00a0 \u00a0 \u00a0 \u00a0 \u00a0 \u00a0 \u00a0 \u00a0 \u00a0 \u00a0 <\/strong><span style=\"font-size: 75%; color: #ffffff;\"><em>Pur\u00e9e de Passion, Framboise ou Fraise, Verjus (jus de raisin), Limonade<\/em><\/span><\/li>\n<li><strong>Virgin Pi\u00f1a Colada &#8211; 7,5 \u20ac <\/strong><br \/><span style=\"font-size: 75%; color: #ffffff;\"><em>Pur\u00e9e de coco, jus d\u2019ananas<\/em><\/span><\/li>\n<\/ul>\n<div class=\"is-divider divider clearfix\" style=\"max-width:100%;\"><\/div>\n\n<div class=\"container section-title-container\" ><h2 class=\"section-title section-title-normal\"><b><\/b><span class=\"section-title-main\" >LES BOISSONS<\/span><b><\/b><\/h2><\/div>\n\n<div class=\"row\"  id=\"row-51172671\">\n\n\n\t<div id=\"col-261854725\" class=\"col small-12 large-12\"  >\n\t\t\t\t<div class=\"col-inner\"  >\n\t\t\t\n\t\t\t\n\n<h3>Ap\u00e9ritifs<\/h3>\n<ul>\n<li><strong>Kir 10cl &#8211; 5,90\u20ac<\/strong><br \/><em>Cassis, M\u00fbre, Framboise, P\u00eache, Violette<\/em><\/li>\n<li><strong>Kir Royal 10cl &#8211; 9,90\u20ac<\/strong><br \/><em>Cassis, M\u00fbre, Framboise, P\u00eache, Violette<\/em><\/li>\n<li><strong>Martini Rosso\/Bianco 5cl &#8211; 4,90\u20ac<\/strong><\/li>\n<li><strong>Ricard 2cl &#8211; 3\u20ac<\/strong><\/li>\n<li><strong>Casanis (N\u00e9 \u00e0 Bastia) 2cl &#8211; 4\u20ac<\/strong><\/li>\n<li><strong>Am\u00e9ricano maison 10cl &#8211; 8,50\u20ac<\/strong><\/li>\n<li><strong>Suze 6cl &#8211; 4,90\u20ac<\/strong><\/li>\n<li><strong>Porto rouge \/ blanc 6cl &#8211; 4,90\u20ac<\/strong><\/li>\n<li><strong>Alcool et soft 4cl &#8211; 7\u20ac<\/strong><\/li>\n<li><strong>Prosecco &#8211; 5,90\u20ac<\/strong><\/li>\n<\/ul>\n<div class=\"is-divider divider clearfix\" style=\"max-width:100%;\"><\/div>\n\n<h3>Digestifs 4cl<\/h3>\n<ul>\n<li><span style=\"font-size: 85%;\"><strong>Get 27 ou 31 <\/strong>&#8230;&#8230;.. 8\u20ac<\/span><\/li>\n<li><span style=\"font-size: 85%;\"><strong>Baileys <\/strong>&#8230;&#8230;.. 8\u20ac<\/span><\/li>\n<li><span style=\"font-size: 85%;\"><strong>Limoncello <\/strong>&#8230;&#8230;.. 8\u20ac<\/span><\/li>\n<li><span style=\"font-size: 85%;\"><strong>Amaretto<\/strong> &#8230;&#8230;.. 8\u20ac<\/span><\/li>\n<li><span style=\"font-size: 85%;\"><strong>Cognac ABK6 <\/strong>&#8230;&#8230;.. 8,50\u20ac<\/span><\/li>\n<li><span style=\"font-size: 85%;\"><strong>Calvados Beaujour <\/strong>&#8230;&#8230;.. 8,50\u20ac<\/span><\/li>\n<li><span style=\"font-size: 85%;\"><strong>Chartreuse <\/strong>&#8230;&#8230;.. 8,50\u20ac<\/span><\/li>\n<li><span style=\"font-size: 85%;\"><strong>Noces Royales<\/strong> (<em>Cognac et Poire williams<\/em>) &#8230;&#8230;.. 8,50\u20ac<\/span><\/li>\n<li><span style=\"font-size: 85%;\"><strong>La mythique MYRTE &#8211; <\/strong><em>Liqueur CORSE<\/em>\u00a0 &#8230;&#8230;..\u00a0 9\u20ac<\/span><\/li>\n<li><span style=\"font-size: 85%;\"><strong>Poire ou Abricot<\/strong> &#8211; <em>Maison Jacoulot liqueurs<\/em> &#8230;&#8230;.. 10\u20ac<\/span><\/li>\n<li><span style=\"font-size: 85%;\"><strong>AOP Muscat du Cap Corse<\/strong> &#8211; <em>2023<\/em> &#8230;&#8230;.. 11\u20ac<\/span><\/li>\n<li><span style=\"font-size: 85%;\"><strong>L&rsquo;authentique fine de bourgogne<\/strong> &#8211; <\/span><span style=\"font-size: 85%;\"><em>Maison Jacoulot<\/em>\u00a0 \u00a0&#8230;&#8230;.. 14\u20ac<\/span><\/li>\n<\/ul>\n\n\t\t<\/div>\n\t\t\t\t\t<\/div>\n\n\t\n\n\t<div id=\"col-1627055681\" class=\"col medium-5 small-6 large-5\"  >\n\t\t\t\t<div class=\"col-inner\"  >\n\t\t\t\n\t\t\t\n\n<h3><strong>Whiskies 4cl<\/strong><\/h3>\n<ul>\n<li>Jack Daniel\u2019s &#8211; 7,50\u20ac<\/li>\n<li>Nikka ( Japon ) &#8211; 8,50\u20ac<\/li>\n<li>Oban &#8211; 9\u20ac<\/li>\n<\/ul>\n\n\t\t<\/div>\n\t\t\t\t\t<\/div>\n\n\t\n\n\t<div id=\"col-1994609918\" class=\"col medium-6 small-6 large-6\"  >\n\t\t\t\t<div class=\"col-inner\"  >\n\t\t\t\n\t\t\t\n\n<h3>Vodka 4cl<\/h3>\n<ul>\n<li>Crystal Head &#8211; 8\u20ac<\/li>\n<li>Beluga &#8211; 9\u20ac<\/li>\n<\/ul>\n\n\t\t<\/div>\n\t\t\t\t\t<\/div>\n\n\t\n\n\t<div id=\"col-523116278\" class=\"col medium-5 small-6 large-5\"  >\n\t\t\t\t<div class=\"col-inner\"  >\n\t\t\t\n\t\t\t\n\n<h3><strong>Gin 4cl<\/strong><\/h3>\n<ul>\n<li>The Gardener &#8211; 10\u20ac<\/li>\n<li>Hendrick&rsquo;s &#8211; 8\u20ac\u00a0<\/li>\n<\/ul>\n\n\t\t<\/div>\n\t\t\t\t\t<\/div>\n\n\t\n\n\t<div id=\"col-504356148\" class=\"col medium-5 small-6 large-5\"  >\n\t\t\t\t<div class=\"col-inner\"  >\n\t\t\t\n\t\t\t\n\n<h3><strong>Rhum 4cl<\/strong><\/h3>\n<ul>\n<li>Don Papa &#8211; 9\u20ac<\/li>\n<li>Diplomatico &#8211; 8\u20ac<\/li>\n<\/ul>\n\n\t\t<\/div>\n\t\t\t\t\t<\/div>\n\n\t\n\n<\/div>\n<div class=\"row row-large row-dashed\"  id=\"row-964210538\">\n\n\n\t<div id=\"col-1379186715\" class=\"col small-6 large-12\"  >\n\t\t\t\t<div class=\"col-inner\"  >\n\t\t\t\n\t\t\t\n\n<h2><strong>Bi\u00e8res<\/strong><\/h2>\n<p><span style=\"font-size: 85%;\">Cadette 5%<\/span><\/p>\n<hr \/>\n<p><span style=\"font-size: 80%;\">Angelus IPA 6,5%<\/span><\/p>\n<hr \/>\n<p><span style=\"font-size: 85%;\">Triple Dominicains 8,2%<\/span><\/p>\n<hr \/>\n<p><span style=\"font-size: 85%;\">Paix Dieu 10%<\/span><\/p>\n<hr \/>\n<p><span style=\"font-size: 85%;\">Heineken 0%<\/span><\/p>\n\n\t\t<\/div>\n\t\t\t\t\t<\/div>\n\n\t\n\n\t<div id=\"col-1643970402\" class=\"col small-2 large-12\"  >\n\t\t\t\t<div class=\"col-inner\"  >\n\t\t\t\n\t\t\t\n\n<h2><strong>25cl<\/strong><\/h2>\n<p>3,5\u20ac<\/p>\n<hr \/>\n<p>4,5\u20ac<\/p>\n<hr \/>\n<p>4,8\u20ac<\/p>\n<hr \/>\n<p>5,00\u20ac<\/p>\n<hr \/>\n<p>&#8211;<\/p>\n\n\t\t<\/div>\n\t\t\t\t\t<\/div>\n\n\t\n\n\t<div id=\"col-1696764470\" class=\"col small-2 large-12\"  >\n\t\t\t\t<div class=\"col-inner\"  >\n\t\t\t\n\t\t\t\n\n<h2><strong>33cl<\/strong><\/h2>\n<p>5\u20ac<\/p>\n<hr \/>\n<p>6,00\u20ac<\/p>\n<hr \/>\n<p>6,50\u20ac<\/p>\n<hr \/>\n<p>7,00\u20ac<\/p>\n<hr \/>\n<p>3,50\u20ac<\/p>\n\n\t\t<\/div>\n\t\t\t\t\t<\/div>\n\n\t\n\n\t<div id=\"col-1015825788\" class=\"col small-2 large-12\"  >\n\t\t\t\t<div class=\"col-inner\"  >\n\t\t\t\n\t\t\t\n\n<h2><strong>50cl<\/strong><\/h2>\n<p>7\u20ac<\/p>\n<hr \/>\n<p>8,50\u20ac<\/p>\n<hr \/>\n<p>8,80\u20ac<\/p>\n<hr \/>\n<p>10,0\u20ac<\/p>\n<hr \/>\n<p>&#8211;<\/p>\n\n\t\t<\/div>\n\t\t\t\t\t<\/div>\n\n\t\n\n<\/div>\n<div class=\"row\"  id=\"row-368908356\">\n\n\n\t<div id=\"col-2050069766\" class=\"col small-12 large-12\"  >\n\t\t\t\t<div class=\"col-inner\"  >\n\t\t\t\n\t\t\t\n\n<h3>Soft<\/h3>\n<ul>\n<li>Coca-Cola, Coca-Cola z\u00e9ro, Perrier 33cl &#8211; 4,20\u20ac<\/li>\n<li>Fuze Tea P\u00eache, Schweppes Ginger Beer, Orangina, Fanta 25cl &#8211; 4,20\u20ac<\/li>\n<li>Jus de fruits (ACE, Abricot, Pomme, Tomate, Ananas, Fraise, Orange) 20cl &#8211; 3,90\u20ac<\/li>\n<li>Sirop \u00e0 l\u2019eau &#8211; 2,50\u20ac<\/li>\n<li>Evian, San Pellegrino 50cl &#8211; 4,5\u20ac<\/li>\n<li>Evian, San Pellegrino 100cl &#8211; 5,50\u20ac<\/li>\n<\/ul>\n\n\t\t<\/div>\n\t\t\t\t\t<\/div>\n\n\t\n\n\t<div id=\"col-1276796442\" class=\"col small-12 large-12\"  >\n\t\t\t\t<div class=\"col-inner\"  >\n\t\t\t\n\t\t\t\n\n<h3>Boissons Chaudes<\/h3>\n<ul>\n<li>Caf\u00e9 &#8211; 2\u20ac<\/li>\n<li>Caf\u00e9 allong\u00e9 &#8211; 2,20\u20ac<\/li>\n<li>Double expresso &#8211; 4\u20ac<\/li>\n<li>D\u00e9ca &#8211; 2,20\u20ac<\/li>\n<li>Caf\u00e9 cr\u00e8me &#8211; 2,30\u20ac<\/li>\n<li>Grand cr\u00e8me &#8211; 4\u20ac<\/li>\n<li>Cappucino &#8211; 4,10\u20ac<\/li>\n<li>Chocolat chaud &#8211; 4,20\u20ac<\/li>\n<li>Caf\u00e9 frapp\u00e9 de Salom\u00e9 &#8211; 5,70\u20ac\u00a0<\/li>\n<li>Irish Coffee &#8211; 8,5 \u20ac<\/li>\n<li>Th\u00e9 (Vert ou fruits rouges ou citron) &#8211; 3,90\u20ac<\/li>\n<li>Infusion &#8211; 3,90\u20ac<\/li>\n<\/ul>\n\n\t\t<\/div>\n\t\t\t\t\t<\/div>\n\n\t\n\n<\/div>\n\n","protected":false},"excerpt":{"rendered":"","protected":false},"author":1,"featured_media":0,"parent":0,"menu_order":0,"comment_status":"closed","ping_status":"closed","template":"","meta":{"footnotes":""},"class_list":["post-42","page","type-page","status-publish","hentry"],"_links":{"self":[{"href":"https:\/\/babo.pidevboard.fr\/index.php?rest_route=\/wp\/v2\/pages\/42","targetHints":{"allow":["GET"]}}],"collection":[{"href":"https:\/\/babo.pidevboard.fr\/index.php?rest_route=\/wp\/v2\/pages"}],"about":[{"href":"https:\/\/babo.pidevboard.fr\/index.php?rest_route=\/wp\/v2\/types\/page"}],"author":[{"embeddable":true,"href":"https:\/\/babo.pidevboard.fr\/index.php?rest_route=\/wp\/v2\/users\/1"}],"replies":[{"embeddable":true,"href":"https:\/\/babo.pidevboard.fr\/index.php?rest_route=%2Fwp%2Fv2%2Fcomments&post=42"}],"version-history":[{"count":111,"href":"https:\/\/babo.pidevboard.fr\/index.php?rest_route=\/wp\/v2\/pages\/42\/revisions"}],"predecessor-version":[{"id":1247,"href":"https:\/\/babo.pidevboard.fr\/index.php?rest_route=\/wp\/v2\/pages\/42\/revisions\/1247"}],"wp:attachment":[{"href":"https:\/\/babo.pidevboard.fr\/index.php?rest_route=%2Fwp%2Fv2%2Fmedia&parent=42"}],"curies":[{"name":"wp","href":"https:\/\/api.w.org\/{rel}","templated":true}]}}