{"id":10,"date":"2024-07-31T08:26:08","date_gmt":"2024-07-31T08:26:08","guid":{"rendered":"https:\/\/babo.pidevboard.fr\/?page_id=10"},"modified":"2025-04-30T09:19:13","modified_gmt":"2025-04-30T09:19:13","slug":"accueil","status":"publish","type":"page","link":"https:\/\/babo.pidevboard.fr\/","title":{"rendered":"Accueil"},"content":{"rendered":"\n\n\n\t<section class=\"section\" id=\"section_2009553160\">\n\t\t<div class=\"section-bg fill\" >\n\t\t\t\t\t\t\t\t\t\n\t\t\t\n\n\t\t<\/div>\n\n\t\t\n\n\t\t<div class=\"section-content relative\">\n\t\t\t\n\n<div class=\"row\"  id=\"row-1486041924\">\n\n\n\t<div id=\"col-2083867083\" class=\"col small-12 large-12\"  >\n\t\t\t\t<div class=\"col-inner\"  >\n\t\t\t\n\t\t\t\n\n\n  <div class=\"banner has-hover\" id=\"banner-1988517584\">\n          <div class=\"banner-inner fill\">\n        <div class=\"banner-bg fill\" >\n                                                \n                    <\/div>\n\t\t\n        <div class=\"banner-layers container\">\n            <div class=\"fill banner-link\"><\/div>            \n\n   <div id=\"text-box-1741068526\" class=\"text-box banner-layer x50 md-x50 lg-x50 y50 md-y50 lg-y50 res-text\">\n                                <div class=\"text-box-content text dark\">\n              \n              <div class=\"text-inner text-center\">\n                  \n\n<h3 class=\"uppercase\"><strong>BIENVENUE AU BABO!<\/strong><\/h3>\n<p>Ici, tout est une question de go\u00fbt et de partage ! \u00a0<\/p>\n<p>Nos viandes savoureuses et nos poissons d\u00e9licats sont sublim\u00e9s par une cuisson au brasero, r\u00e9v\u00e9lant des saveurs authentiques et g\u00e9n\u00e9reuses.<\/p>\n<p>N&rsquo;h\u00e9sitez pas \u00e0 solliciter nos \u00e9quipes, nous nous ferons un plaisir de vous satisfaire.<\/p>\n<p>\u00a0<\/p>\n<p>\u00a0<\/p>\n<p>\u00a0<\/p>\n\n              <\/div>\n           <\/div>\n                            \n<style>\n#text-box-1741068526 {\n  width: 87%;\n}\n#text-box-1741068526 .text-box-content {\n  font-size: 100%;\n}\n<\/style>\n    <\/div>\n \n\n        <\/div>\n      <\/div>\n\n            \n<style>\n#banner-1988517584 {\n  padding-top: 177px;\n}\n@media (min-width:550px) {\n  #banner-1988517584 {\n    padding-top: 256px;\n  }\n}\n<\/style>\n  <\/div>\n\n\n\t<div id=\"text-2330667838\" class=\"text\">\n\t\t\n\n\n\t\t\n<style>\n#text-2330667838 {\n  font-size: 1.05rem;\n  line-height: 2.2;\n  color: rgb(254, 243, 188);\n}\n#text-2330667838 > * {\n  color: rgb(254, 243, 188);\n}\n<\/style>\n\t<\/div>\n\t\n\n\t\t<\/div>\n\t\t\t\t\n<style>\n#col-2083867083 > .col-inner {\n  margin: 0px 0px -16px 0px;\n}\n<\/style>\n\t<\/div>\n\n\t\n\n<\/div>\n<div class=\"row row-small row-box-shadow-2 row-box-shadow-1-hover\"  id=\"row-917044058\">\n\n\n\t<div id=\"col-111789365\" class=\"col medium-6 small-6 large-6\"  >\n\t\t\t\t<div class=\"col-inner\"  >\n\t\t\t\n\t\t\t\n\n\n  <div class=\"banner has-hover\" id=\"banner-843069971\">\n          <div class=\"banner-inner fill\">\n        <div class=\"banner-bg fill\" >\n            <img loading=\"lazy\" decoding=\"async\" width=\"1020\" height=\"989\" src=\"https:\/\/babo.pidevboard.fr\/wp-content\/uploads\/2024\/07\/Capture-decran-2024-07-31-a-11.31.37-1024x993.png\" class=\"bg attachment-large size-large\" alt=\"\" \/>                        <div class=\"overlay\"><\/div>            \n                    <\/div>\n\t\t\n        <div class=\"banner-layers container\">\n            <a class=\"fill\" href=\"https:\/\/babo.pidevboard.fr\/?page_id=46\" ><div class=\"fill banner-link\"><\/div><\/a>            \n\n   <div id=\"text-box-647579737\" class=\"text-box banner-layer x50 md-x50 lg-x50 y50 md-y50 lg-y50 res-text\">\n                                <div class=\"text-box-content text dark\">\n              \n              <div class=\"text-inner text-center\">\n                  \n\n\t<div id=\"text-680406138\" class=\"text\">\n\t\t\n\n<h3 class=\"uppercase\"><a href=\"https:\/\/babo.pidevboard.fr\/?page_id=46\"><strong>NOTRE CARTE<\/strong><\/a><\/h3>\n\t\t\n<style>\n#text-680406138 {\n  font-size: 0.75rem;\n  text-align: center;\n}\n<\/style>\n\t<\/div>\n\t\n\n              <\/div>\n           <\/div>\n                            \n<style>\n#text-box-647579737 {\n  width: 60%;\n}\n#text-box-647579737 .text-box-content {\n  font-size: 100%;\n}\n<\/style>\n    <\/div>\n \n\n        <\/div>\n      <\/div>\n\n            \n<style>\n#banner-843069971 {\n  padding-top: 99.99%;\n}\n#banner-843069971 .overlay {\n  background-color: rgba(0, 0, 0, 0.517);\n}\n<\/style>\n  <\/div>\n\n\n\n\t\t<\/div>\n\t\t\t\t\t<\/div>\n\n\t\n\n\t<div id=\"col-1638910384\" class=\"col medium-6 small-6 large-6\"  >\n\t\t\t\t<div class=\"col-inner\"  >\n\t\t\t\n\t\t\t\n\n\n  <div class=\"banner has-hover\" id=\"banner-733414202\">\n          <div class=\"banner-inner fill\">\n        <div class=\"banner-bg fill\" >\n            <img loading=\"lazy\" decoding=\"async\" width=\"581\" height=\"1024\" src=\"https:\/\/babo.pidevboard.fr\/wp-content\/uploads\/2025\/04\/Midi-581x1024.jpg\" class=\"bg attachment-large size-large\" alt=\"\" \/>                        <div class=\"overlay\"><\/div>            \n                    <\/div>\n\t\t\n        <div class=\"banner-layers container\">\n            <a class=\"fill\" href=\"https:\/\/babo.pidevboard.fr\/?page_id=155\" ><div class=\"fill banner-link\"><\/div><\/a>            \n\n   <div id=\"text-box-1825366040\" class=\"text-box banner-layer x50 md-x50 lg-x50 y50 md-y50 lg-y50 res-text\">\n                                <div class=\"text-box-content text dark\">\n              \n              <div class=\"text-inner text-center\">\n                  \n\n\t<div id=\"text-3177769699\" class=\"text\">\n\t\t\n\n<h3 class=\"uppercase\"><span style=\"font-size: 80%;\"><a href=\"https:\/\/babo.pidevboard.fr\/?page_id=155\"><strong>Formule <\/strong><\/a><a href=\"https:\/\/babo.pidevboard.fr\/?page_id=155\"><strong><span style=\"font-size: 75%;\">du midi<\/span> \u2600\ufe0f<\/strong><\/a><\/span><\/h3>\n\t\t\n<style>\n#text-3177769699 {\n  font-size: 0.75rem;\n  text-align: center;\n}\n<\/style>\n\t<\/div>\n\t\n\n              <\/div>\n           <\/div>\n                            \n<style>\n#text-box-1825366040 {\n  width: 60%;\n}\n#text-box-1825366040 .text-box-content {\n  font-size: 100%;\n}\n<\/style>\n    <\/div>\n \n\n        <\/div>\n      <\/div>\n\n            \n<style>\n#banner-733414202 {\n  padding-top: 99.99%;\n}\n#banner-733414202 .overlay {\n  background-color: rgba(0, 0, 0, 0.366);\n}\n<\/style>\n  <\/div>\n\n\n\n\t\t<\/div>\n\t\t\t\t\t<\/div>\n\n\t\n\n\t<div id=\"col-27051174\" class=\"col medium-6 small-6 large-6\"  >\n\t\t\t\t<div class=\"col-inner\"  >\n\t\t\t\n\t\t\t\n\n\n  <div class=\"banner has-hover\" id=\"banner-1532055917\">\n          <div class=\"banner-inner fill\">\n        <div class=\"banner-bg fill\" >\n            <img loading=\"lazy\" decoding=\"async\" width=\"683\" height=\"1024\" src=\"https:\/\/babo.pidevboard.fr\/wp-content\/uploads\/2024\/08\/pexels-taryn-elliott-4457151-683x1024.jpg\" class=\"bg attachment-large size-large\" alt=\"\" \/>                        <div class=\"overlay\"><\/div>            \n                    <\/div>\n\t\t\n        <div class=\"banner-layers container\">\n            <a class=\"fill\" href=\"https:\/\/babo.pidevboard.fr\/?page_id=42\" ><div class=\"fill banner-link\"><\/div><\/a>            \n\n   <div id=\"text-box-461625093\" class=\"text-box banner-layer x50 md-x50 lg-x50 y50 md-y50 lg-y50 res-text\">\n                                <div class=\"text-box-content text dark\">\n              \n              <div class=\"text-inner text-center\">\n                  \n\n\t<div id=\"text-2529786211\" class=\"text\">\n\t\t\n\n<h3 class=\"uppercase\" style=\"text-align: center;\"><a href=\"https:\/\/babo.pidevboard.fr\/?page_id=42\"><strong>NOS<\/strong><\/a><\/h3>\n<h3 class=\"uppercase\" style=\"text-align: center;\"><a href=\"https:\/\/babo.pidevboard.fr\/?page_id=42\"><strong>BOISSONS<\/strong><\/a><\/h3>\n\t\t\n<style>\n#text-2529786211 {\n  font-size: 0.75rem;\n  text-align: center;\n}\n<\/style>\n\t<\/div>\n\t\n\n              <\/div>\n           <\/div>\n                            \n<style>\n#text-box-461625093 {\n  width: 100%;\n}\n#text-box-461625093 .text-box-content {\n  font-size: 100%;\n}\n<\/style>\n    <\/div>\n \n\n        <\/div>\n      <\/div>\n\n            \n<style>\n#banner-1532055917 {\n  padding-top: 99.99%;\n}\n#banner-1532055917 .overlay {\n  background-color: rgba(0, 0, 0, 0.517);\n}\n#banner-1532055917 .banner-bg img {\n  object-position: 74% 74%;\n}\n<\/style>\n  <\/div>\n\n\n\n\t\t<\/div>\n\t\t\t\t\t<\/div>\n\n\t\n\n\t<div id=\"col-1595536732\" class=\"col medium-6 small-6 large-6\"  >\n\t\t\t\t<div class=\"col-inner\"  >\n\t\t\t\n\t\t\t\n\n\n  <div class=\"banner has-hover\" id=\"banner-409069125\">\n          <div class=\"banner-inner fill\">\n        <div class=\"banner-bg fill\" >\n            <img loading=\"lazy\" decoding=\"async\" width=\"680\" height=\"1024\" src=\"https:\/\/babo.pidevboard.fr\/wp-content\/uploads\/2024\/08\/pexels-cantuariabruno-774455-680x1024.jpg\" class=\"bg attachment-large size-large\" alt=\"\" \/>                        <div class=\"overlay\"><\/div>            \n                    <\/div>\n\t\t\n        <div class=\"banner-layers container\">\n            <a class=\"fill\" href=\"https:\/\/babo.pidevboard.fr\/?page_id=44\" ><div class=\"fill banner-link\"><\/div><\/a>            \n\n   <div id=\"text-box-494817018\" class=\"text-box banner-layer x50 md-x50 lg-x50 y50 md-y50 lg-y50 res-text\">\n                                <div class=\"text-box-content text dark\">\n              \n              <div class=\"text-inner text-center\">\n                  \n\n\t<div id=\"text-1089669745\" class=\"text\">\n\t\t\n\n<h3 class=\"uppercase\" style=\"text-align: center;\"><a href=\"https:\/\/babo.pidevboard.fr\/?page_id=44\"><strong>CARTE<br \/>DES<br \/>VINS<\/strong><\/a><\/h3>\n\t\t\n<style>\n#text-1089669745 {\n  font-size: 0.75rem;\n  text-align: center;\n}\n<\/style>\n\t<\/div>\n\t\n\n              <\/div>\n           <\/div>\n                            \n<style>\n#text-box-494817018 {\n  width: 100%;\n}\n#text-box-494817018 .text-box-content {\n  font-size: 100%;\n}\n<\/style>\n    <\/div>\n \n\n        <\/div>\n      <\/div>\n\n            \n<style>\n#banner-409069125 {\n  padding-top: 99.99%;\n}\n#banner-409069125 .overlay {\n  background-color: rgba(0, 0, 0, 0.517);\n}\n<\/style>\n  <\/div>\n\n\n\n\t\t<\/div>\n\t\t\t\t\t<\/div>\n\n\t\n\n\t<div id=\"col-862524535\" class=\"col small-12 large-12\"  >\n\t\t\t\t<div class=\"col-inner\"  >\n\t\t\t\n\t\t\t\n\n\n  <div class=\"banner has-hover has-parallax\" id=\"banner-175625371\">\n          <div class=\"banner-inner fill\">\n        <div class=\"banner-bg fill\" data-parallax=\"-4\" data-parallax-container=\".banner\" data-parallax-background>\n            <img loading=\"lazy\" decoding=\"async\" width=\"1024\" height=\"1536\" src=\"https:\/\/babo.pidevboard.fr\/wp-content\/uploads\/2024\/09\/pexels-cristian-rojas-8477072-1024x1536.jpg\" class=\"bg attachment-1536x1536 size-1536x1536\" alt=\"\" \/>                        <div class=\"overlay\"><\/div>            \n                    <\/div>\n\t\t\n        <div class=\"banner-layers container\">\n            <a class=\"fill\" href=\"https:\/\/babo.pidevboard.fr\/?page_id=42\" ><div class=\"fill banner-link\"><\/div><\/a>            \n\n   <div id=\"text-box-1159160600\" class=\"text-box banner-layer x50 md-x50 lg-x50 y50 md-y50 lg-y50 res-text\">\n                                <div class=\"text-box-content text dark\">\n              \n              <div class=\"text-inner text-center\">\n                  \n\n\t<div id=\"text-423398822\" class=\"text\">\n\t\t\n\n<h3 class=\"uppercase\" style=\"text-align: center;\"><a href=\"https:\/\/www.calameo.com\/read\/0078938104f8d46549d75#google_vignette\" target=\"_blank\" rel=\"noopener\"><b>BABO! CHEZ VOUS<\/b><\/a><\/h3>\n<h3 style=\"text-align: center;\"><span style=\"font-size: 75%;\">Traiteur \u00e0 domicile<\/span><\/h3>\n\t\t\n<style>\n#text-423398822 {\n  font-size: 0.75rem;\n  text-align: center;\n}\n<\/style>\n\t<\/div>\n\t\n\n              <\/div>\n           <\/div>\n                            \n<style>\n#text-box-1159160600 {\n  width: 100%;\n}\n#text-box-1159160600 .text-box-content {\n  font-size: 100%;\n}\n<\/style>\n    <\/div>\n \n\n        <\/div>\n      <\/div>\n\n            \n<style>\n#banner-175625371 {\n  padding-top: 24.38%;\n}\n#banner-175625371 .overlay {\n  background-color: rgba(0, 0, 0, 0.517);\n}\n#banner-175625371 .banner-bg img {\n  object-position: 46% 47%;\n}\n@media (min-width:550px) {\n  #banner-175625371 {\n    padding-top: 18.82%;\n  }\n}\n<\/style>\n  <\/div>\n\n\n\n\t\t<\/div>\n\t\t\t\t\t<\/div>\n\n\t\n\n\t<div id=\"col-570204725\" class=\"col small-12 large-12\"  >\n\t\t\t\t<div class=\"col-inner\"  >\n\t\t\t\n\t\t\t\n\n\n  <div class=\"banner has-hover has-parallax\" id=\"banner-1965041470\">\n          <div class=\"banner-inner fill\">\n        <div class=\"banner-bg fill\" data-parallax=\"-4\" data-parallax-container=\".banner\" data-parallax-background>\n            <img loading=\"lazy\" decoding=\"async\" width=\"1500\" height=\"993\" src=\"https:\/\/babo.pidevboard.fr\/wp-content\/uploads\/2025\/03\/Sans-titre-2.webp\" class=\"bg attachment-1536x1536 size-1536x1536\" alt=\"\" \/>                        <div class=\"overlay\"><\/div>            \n                    <\/div>\n\t\t\n        <div class=\"banner-layers container\">\n            <a class=\"fill\" href=\"https:\/\/babo.pidevboard.fr\/?page_id=42\" ><div class=\"fill banner-link\"><\/div><\/a>            \n\n   <div id=\"text-box-1544113785\" class=\"text-box banner-layer x50 md-x50 lg-x50 y50 md-y50 lg-y50 res-text\">\n                                <div class=\"text-box-content text dark\">\n              \n              <div class=\"text-inner text-center\">\n                  \n\n\t<div id=\"text-1177648590\" class=\"text\">\n\t\t\n\n<h3 class=\"uppercase\" style=\"text-align: center;\"><a href=\"https:\/\/atelierbrasero.com\/\" target=\"_blank\" rel=\"noopener\"><b>L&rsquo;ATELIER BRASERO<\/b><\/a><\/h3>\n<h3 class=\"uppercase\" style=\"text-align: center;\">\u00a0<\/h3>\n\t\t\n<style>\n#text-1177648590 {\n  font-size: 0.75rem;\n  text-align: center;\n}\n<\/style>\n\t<\/div>\n\t\n\n              <\/div>\n           <\/div>\n                            \n<style>\n#text-box-1544113785 {\n  width: 100%;\n}\n#text-box-1544113785 .text-box-content {\n  font-size: 100%;\n}\n<\/style>\n    <\/div>\n \n\n        <\/div>\n      <\/div>\n\n            \n<style>\n#banner-1965041470 {\n  padding-top: 34.45%;\n}\n#banner-1965041470 .overlay {\n  background-color: rgba(0, 0, 0, 0.517);\n}\n#banner-1965041470 .banner-bg img {\n  object-position: 46% 47%;\n}\n@media (min-width:550px) {\n  #banner-1965041470 {\n    padding-top: 26.57%;\n  }\n}\n<\/style>\n  <\/div>\n\n\n\n\t\t<\/div>\n\t\t\t\t\t<\/div>\n\n\t\n\n\t<div id=\"col-1258789282\" class=\"col small-12 large-12\"  >\n\t\t\t\t<div class=\"col-inner\"  >\n\t\t\t\n\t\t\t\n\n\n  <div class=\"banner has-hover has-parallax\" id=\"banner-723878305\">\n          <div class=\"banner-inner fill\">\n        <div class=\"banner-bg fill\" data-parallax=\"-4\" data-parallax-container=\".banner\" data-parallax-background>\n            <img loading=\"lazy\" decoding=\"async\" width=\"1152\" height=\"1536\" src=\"https:\/\/babo.pidevboard.fr\/wp-content\/uploads\/2025\/03\/IMG_1225-2-1152x1536.jpg\" class=\"bg attachment-1536x1536 size-1536x1536\" alt=\"\" \/>                        <div class=\"overlay\"><\/div>            \n                    <\/div>\n\t\t\n        <div class=\"banner-layers container\">\n            <a class=\"fill\" href=\"https:\/\/babo.pidevboard.fr\/?page_id=42\" ><div class=\"fill banner-link\"><\/div><\/a>            \n\n   <div id=\"text-box-204790815\" class=\"text-box banner-layer x50 md-x50 lg-x50 y50 md-y50 lg-y50 res-text\">\n                                <div class=\"text-box-content text dark\">\n              \n              <div class=\"text-inner text-center\">\n                  \n\n\t<div id=\"text-100990329\" class=\"text\">\n\t\t\n\n<h3 class=\"uppercase\" style=\"text-align: center;\"><a href=\"https:\/\/www.baboamiens.fr\/evenements\/\" target=\"_blank\" rel=\"noopener\"><b>NOS \u00c9V\u00c8NEMENTS<\/b><\/a><\/h3>\n\t\t\n<style>\n#text-100990329 {\n  font-size: 0.75rem;\n  text-align: center;\n}\n<\/style>\n\t<\/div>\n\t\n\n              <\/div>\n           <\/div>\n                            \n<style>\n#text-box-204790815 {\n  width: 100%;\n}\n#text-box-204790815 .text-box-content {\n  font-size: 100%;\n}\n<\/style>\n    <\/div>\n \n\n        <\/div>\n      <\/div>\n\n            \n<style>\n#banner-723878305 {\n  padding-top: 24.38%;\n}\n#banner-723878305 .overlay {\n  background-color: rgba(0, 0, 0, 0.517);\n}\n#banner-723878305 .banner-bg img {\n  object-position: 46% 47%;\n}\n@media (min-width:550px) {\n  #banner-723878305 {\n    padding-top: 18.82%;\n  }\n}\n<\/style>\n  <\/div>\n\n\n\n\t\t<\/div>\n\t\t\t\t\t<\/div>\n\n\t\n\n<\/div>\n\n\t\t<\/div>\n\n\t\t\n<style>\n#section_2009553160 {\n  padding-top: 30px;\n  padding-bottom: 30px;\n}\n<\/style>\n\t<\/section>\n\t\n<div class=\"social-icons follow-icons full-width text-center\" style=\"font-size:104%\"><a href=\"https:\/\/www.facebook.com\/profile.php?id=61557638968447&#038;paipv=0&#038;eav=AfaspDjH9MO061jRA0Yga3Y4f_BJlKfzJPsmw1M8jvZ8trQVpw9dCaw_gAYWrCpZHfg&#038;_rdr\" target=\"_blank\" data-label=\"Facebook\" class=\"icon button circle is-outline facebook tooltip\" title=\"Nous suivre sur Facebook\" aria-label=\"Nous suivre sur Facebook\" rel=\"noopener nofollow\" ><i class=\"icon-facebook\" ><\/i><\/a><a href=\"https:\/\/www.instagram.com\/babo_restaurant\/?hl=fr\" target=\"_blank\" data-label=\"Instagram\" class=\"icon button circle is-outline instagram tooltip\" title=\"Nous suivre sur Instagram\" aria-label=\"Nous suivre sur Instagram\" rel=\"noopener nofollow\" ><i class=\"icon-instagram\" ><\/i><\/a><a href=\"mailto:baboresto@gmail.com\" data-label=\"E-mail\" target=\"_blank\" class=\"icon button circle is-outline email tooltip\" title=\"Nous envoyer un email\" aria-label=\"Nous envoyer un email\" rel=\"nofollow noopener\" ><i class=\"icon-envelop\" ><\/i><\/a><a href=\"tel:0322466562\" data-label=\"Phone\" target=\"_blank\" class=\"icon button circle is-outline phone tooltip\" title=\"Appelez-nous\" aria-label=\"Appelez-nous\" rel=\"nofollow noopener\" ><i class=\"icon-phone\" ><\/i><\/a><\/div>\n\n\n","protected":false},"excerpt":{"rendered":"","protected":false},"author":1,"featured_media":0,"parent":0,"menu_order":0,"comment_status":"closed","ping_status":"closed","template":"page-blank.php","meta":{"footnotes":""},"class_list":["post-10","page","type-page","status-publish","hentry"],"_links":{"self":[{"href":"https:\/\/babo.pidevboard.fr\/index.php?rest_route=\/wp\/v2\/pages\/10","targetHints":{"allow":["GET"]}}],"collection":[{"href":"https:\/\/babo.pidevboard.fr\/index.php?rest_route=\/wp\/v2\/pages"}],"about":[{"href":"https:\/\/babo.pidevboard.fr\/index.php?rest_route=\/wp\/v2\/types\/page"}],"author":[{"embeddable":true,"href":"https:\/\/babo.pidevboard.fr\/index.php?rest_route=\/wp\/v2\/users\/1"}],"replies":[{"embeddable":true,"href":"https:\/\/babo.pidevboard.fr\/index.php?rest_route=%2Fwp%2Fv2%2Fcomments&post=10"}],"version-history":[{"count":65,"href":"https:\/\/babo.pidevboard.fr\/index.php?rest_route=\/wp\/v2\/pages\/10\/revisions"}],"predecessor-version":[{"id":841,"href":"https:\/\/babo.pidevboard.fr\/index.php?rest_route=\/wp\/v2\/pages\/10\/revisions\/841"}],"wp:attachment":[{"href":"https:\/\/babo.pidevboard.fr\/index.php?rest_route=%2Fwp%2Fv2%2Fmedia&parent=10"}],"curies":[{"name":"wp","href":"https:\/\/api.w.org\/{rel}","templated":true}]}}